{"id":192,"date":"2025-02-17T10:40:18","date_gmt":"2025-02-17T09:40:18","guid":{"rendered":"https:\/\/kiosk.somni.de\/?post_type=product&#038;p=192"},"modified":"2025-08-24T19:34:55","modified_gmt":"2025-08-24T17:34:55","slug":"korkenkopfpaar","status":"publish","type":"product","link":"http:\/\/kiosk.somni.de\/en\/product\/korkenkopfpaar\/","title":{"rendered":"Albert und Otto &#8211; die  Zierkorken"},"content":{"rendered":"<p class=\"p1\">Zier- Weinkorkenpaar Albert und Otto<\/p>\n<p class=\"p1\">Suchen Sie einen besonderen Kopf f\u00fcr Ihre ge\u00f6ffnete Weinflasche, Getr\u00e4nkeflasche als Geschenk f\u00fcr Freundinnen oder Freunde, Familienmitglieder, f\u00fcr sich selbst?<span class=\"Apple-converted-space\">\u00a0 <\/span>Hier sind Albert und Otto!<\/p>\n<p class=\"p1\">Zierkorkenpaar f\u00fcr Getr\u00e4nkeflaschen. Hergestellt im 3-D-Druck aus hitzebest\u00e4ndigem, glasperlenverst\u00e4rkten, goldlackierten\u00a0 Hartkunststoff und Korkeiche.<\/p>\n<p>Design: Katia Tchemberdji<\/p>","protected":false},"excerpt":{"rendered":"<p>Zier-\u00a0 Weinkorkenpaar Albert und Otto.<br \/>\nHitzebest\u00e4ndiger, glasperlenverst\u00e4rkter, goldlackierter\u00a0 Hartkunststoff und Korkeiche.<\/p>","protected":false},"featured_media":193,"template":"","meta":{"_acf_changed":false},"product_brand":[],"product_cat":[38],"product_tag":[],"class_list":{"0":"post-192","1":"product","2":"type-product","3":"status-publish","4":"has-post-thumbnail","6":"product_cat-korken-postkarten","7":"product_shipping_class-maxbrief-bis-1000g","8":"entry","10":"first","11":"instock","12":"taxable","13":"shipping-taxable","14":"purchasable","15":"product-type-simple"},"acf":[],"_links":{"self":[{"href":"http:\/\/kiosk.somni.de\/en\/wp-json\/wp\/v2\/product\/192","targetHints":{"allow":["GET"]}}],"collection":[{"href":"http:\/\/kiosk.somni.de\/en\/wp-json\/wp\/v2\/product"}],"about":[{"href":"http:\/\/kiosk.somni.de\/en\/wp-json\/wp\/v2\/types\/product"}],"wp:featuredmedia":[{"embeddable":true,"href":"http:\/\/kiosk.somni.de\/en\/wp-json\/wp\/v2\/media\/193"}],"wp:attachment":[{"href":"http:\/\/kiosk.somni.de\/en\/wp-json\/wp\/v2\/media?parent=192"}],"wp:term":[{"taxonomy":"product_brand","embeddable":true,"href":"http:\/\/kiosk.somni.de\/en\/wp-json\/wp\/v2\/product_brand?post=192"},{"taxonomy":"product_cat","embeddable":true,"href":"http:\/\/kiosk.somni.de\/en\/wp-json\/wp\/v2\/product_cat?post=192"},{"taxonomy":"product_tag","embeddable":true,"href":"http:\/\/kiosk.somni.de\/en\/wp-json\/wp\/v2\/product_tag?post=192"}],"curies":[{"name":"wp","href":"https:\/\/api.w.org\/{rel}","templated":true}]}}