{"id":15,"date":"2024-11-06T14:56:49","date_gmt":"2024-11-06T13:56:49","guid":{"rendered":"https:\/\/kiosk.somni.de\/bezahlmoeglichkeiten\/"},"modified":"2024-11-06T14:56:49","modified_gmt":"2024-11-06T13:56:49","slug":"bezahlmoeglichkeiten","status":"publish","type":"page","link":"https:\/\/kiosk.somni.de\/en\/bezahlmoeglichkeiten\/","title":{"rendered":"Zahlungsarten"},"content":{"rendered":"<div class=\"woocommerce woocommerce-gzd\">\n\t<ul class=\"payment_methods methods\">\n\t\t\t\t\t<li class=\"payment_method_bacs\">\n\t\t\t\t<label>Bank\u00fcberweisung<\/label>\n\t\t\t\t\t\t\t\t\t<div class=\"payment_box payment_method_bacs\">\n\t\t\t\t\t\t<p>Bitte \u00fcberweisen Sie direkt an unsere Bankverbindung. Diese ist in der Bestellbest\u00e4tigung aufgef\u00fchrt, die per E-Mail zugesandt wird. Nutzen Sie die Bestellnummer als Verwendungszweck. Ihre Bestellung wird gleich nach Geldeingang auf unserem Konto versandt.|Please transfer the money directly to our bank account. These are listed in the order confirmation, which will be sent by e-mail. Please use the order number as the reason for payment. Your order will immediately be dispatched when we have received the money in our account.<\/p>\n\t\t\t\t\t<\/div>\n\t\t\t\t\t\t\t<\/li>\n\t\t\t<\/ul>\n<\/div>","protected":false},"excerpt":{"rendered":"","protected":false},"author":1,"featured_media":0,"parent":0,"menu_order":0,"comment_status":"closed","ping_status":"closed","template":"","meta":{"_acf_changed":false,"footnotes":""},"class_list":["post-15","page","type-page","status-publish","hentry","entry"],"acf":[],"_links":{"self":[{"href":"https:\/\/kiosk.somni.de\/en\/wp-json\/wp\/v2\/pages\/15","targetHints":{"allow":["GET"]}}],"collection":[{"href":"https:\/\/kiosk.somni.de\/en\/wp-json\/wp\/v2\/pages"}],"about":[{"href":"https:\/\/kiosk.somni.de\/en\/wp-json\/wp\/v2\/types\/page"}],"author":[{"embeddable":true,"href":"https:\/\/kiosk.somni.de\/en\/wp-json\/wp\/v2\/users\/1"}],"replies":[{"embeddable":true,"href":"https:\/\/kiosk.somni.de\/en\/wp-json\/wp\/v2\/comments?post=15"}],"version-history":[{"count":0,"href":"https:\/\/kiosk.somni.de\/en\/wp-json\/wp\/v2\/pages\/15\/revisions"}],"wp:attachment":[{"href":"https:\/\/kiosk.somni.de\/en\/wp-json\/wp\/v2\/media?parent=15"}],"curies":[{"name":"wp","href":"https:\/\/api.w.org\/{rel}","templated":true}]}}