{"id":131,"date":"2025-01-25T08:34:16","date_gmt":"2025-01-25T07:34:16","guid":{"rendered":"https:\/\/kiosk.somni.de\/?post_type=product&#038;p=131"},"modified":"2025-08-24T19:36:43","modified_gmt":"2025-08-24T17:36:43","slug":"spielfigur-krokodil","status":"publish","type":"product","link":"https:\/\/kiosk.somni.de\/en\/product\/spielfigur-krokodil\/","title":{"rendered":"Spielfigur das freundliche Kroko"},"content":{"rendered":"<p>Das freundliche Kroko ist ein Mitglied der Spielfigurenfamilie Claruschki\u00ae.<br \/>\nClaruschki\u00ae sind bunte, handbemalte und lackierte Figuren aus Kunststoff. Sie k\u00f6nnen sowohl als Spielfiguren, wie auch Haushaltsmagnete dienen (wenn erw\u00fcnscht, gegen Aufpreis), k\u00f6nnen einzeln oder als eine witzige Figurenbande erworben werden. Jede Figur ist ein Unikat und hat einen eigenen Fantasie-Namen. Die Figuren sind f\u00fcr Kinder ab 3 Jahren geeignet.<\/p>","protected":false},"excerpt":{"rendered":"<p>Das freundliche Kroko ist ein Mitglied der Spielfigurenfamilie Claruschki\u00ae.<br \/>\nClaruschki\u00ae sind bunte, handbemalte und lackierte Figuren aus Kunststoff.<\/p>","protected":false},"featured_media":132,"template":"","meta":{"_acf_changed":false},"product_brand":[],"product_cat":[34],"product_tag":[],"class_list":{"0":"post-131","1":"product","2":"type-product","3":"status-publish","4":"has-post-thumbnail","6":"product_cat-bunte-figuren","7":"product_shipping_class-maxbrief-bis-1000g","8":"entry","10":"first","11":"instock","12":"taxable","13":"shipping-taxable","14":"purchasable","15":"product-type-simple"},"acf":[],"_links":{"self":[{"href":"https:\/\/kiosk.somni.de\/en\/wp-json\/wp\/v2\/product\/131","targetHints":{"allow":["GET"]}}],"collection":[{"href":"https:\/\/kiosk.somni.de\/en\/wp-json\/wp\/v2\/product"}],"about":[{"href":"https:\/\/kiosk.somni.de\/en\/wp-json\/wp\/v2\/types\/product"}],"wp:featuredmedia":[{"embeddable":true,"href":"https:\/\/kiosk.somni.de\/en\/wp-json\/wp\/v2\/media\/132"}],"wp:attachment":[{"href":"https:\/\/kiosk.somni.de\/en\/wp-json\/wp\/v2\/media?parent=131"}],"wp:term":[{"taxonomy":"product_brand","embeddable":true,"href":"https:\/\/kiosk.somni.de\/en\/wp-json\/wp\/v2\/product_brand?post=131"},{"taxonomy":"product_cat","embeddable":true,"href":"https:\/\/kiosk.somni.de\/en\/wp-json\/wp\/v2\/product_cat?post=131"},{"taxonomy":"product_tag","embeddable":true,"href":"https:\/\/kiosk.somni.de\/en\/wp-json\/wp\/v2\/product_tag?post=131"}],"curies":[{"name":"wp","href":"https:\/\/api.w.org\/{rel}","templated":true}]}}