{"id":150,"date":"2025-01-25T08:53:27","date_gmt":"2025-01-25T07:53:27","guid":{"rendered":"https:\/\/kiosk.somni.de\/?post_type=product&#038;p=150"},"modified":"2025-08-24T19:35:55","modified_gmt":"2025-08-24T17:35:55","slug":"wechselkopf","status":"publish","type":"product","link":"https:\/\/kiosk.somni.de\/en\/product\/wechselkopf\/","title":{"rendered":"Wechselk\u00f6pfe"},"content":{"rendered":"<p>Wechselk\u00f6pfe sind eine Gruppe von 4 unterschiedlichen Charakterk\u00f6pfen und 4 \u00e4hnlichen K\u00f6rpern. Die Wechselk\u00f6pfe k\u00f6nnen untereinander ihre K\u00f6pfe wechseln (tauschen). Sie k\u00f6nnen als Zierfiguren oder Briefbeschwerer, einzeln oder als Quartett erworben werden. Es ist auch m\u00f6glich, nur bestimmten Kopf (K\u00f6pfe) mit einem (oder 2, 3 u.s.w.) K\u00f6rper zu erwerben.<br \/>\nDer Preis gilt f\u00fcr eine Einzelfigur.<br \/>\nMaterial: Metall (Edelstahl, Zinn bleifrei)<br \/>\nMa\u00dfe je Figur (mm): ca. 70 x 40 x 40<\/p>","protected":false},"excerpt":{"rendered":"<p>Wechselk\u00f6pfe sind eine Gruppe von 4 unterschiedlichen Charakterk\u00f6pfen und 4 \u00e4hnlichen K\u00f6rpern.<br \/>\nMaterial: Metall (Edelstahl, Zinn bleifrei)<br \/>\nMa\u00dfe (mm): ca. 70 x 40 x 40<\/p>","protected":false},"featured_media":151,"template":"","meta":{"_acf_changed":false},"product_brand":[],"product_cat":[35],"product_tag":[],"class_list":{"0":"post-150","1":"product","2":"type-product","3":"status-publish","4":"has-post-thumbnail","6":"product_cat-metallfiguren","7":"product_shipping_class-gruppe-3-paket-bis-2-kg","8":"entry","10":"first","11":"instock","12":"taxable","13":"shipping-taxable","14":"purchasable","15":"product-type-simple"},"acf":[],"_links":{"self":[{"href":"https:\/\/kiosk.somni.de\/en\/wp-json\/wp\/v2\/product\/150","targetHints":{"allow":["GET"]}}],"collection":[{"href":"https:\/\/kiosk.somni.de\/en\/wp-json\/wp\/v2\/product"}],"about":[{"href":"https:\/\/kiosk.somni.de\/en\/wp-json\/wp\/v2\/types\/product"}],"wp:featuredmedia":[{"embeddable":true,"href":"https:\/\/kiosk.somni.de\/en\/wp-json\/wp\/v2\/media\/151"}],"wp:attachment":[{"href":"https:\/\/kiosk.somni.de\/en\/wp-json\/wp\/v2\/media?parent=150"}],"wp:term":[{"taxonomy":"product_brand","embeddable":true,"href":"https:\/\/kiosk.somni.de\/en\/wp-json\/wp\/v2\/product_brand?post=150"},{"taxonomy":"product_cat","embeddable":true,"href":"https:\/\/kiosk.somni.de\/en\/wp-json\/wp\/v2\/product_cat?post=150"},{"taxonomy":"product_tag","embeddable":true,"href":"https:\/\/kiosk.somni.de\/en\/wp-json\/wp\/v2\/product_tag?post=150"}],"curies":[{"name":"wp","href":"https:\/\/api.w.org\/{rel}","templated":true}]}}