{"id":176,"date":"2025-02-17T10:34:43","date_gmt":"2025-02-17T09:34:43","guid":{"rendered":"https:\/\/kiosk.somni.de\/?post_type=product&#038;p=176"},"modified":"2025-08-24T19:35:07","modified_gmt":"2025-08-24T17:35:07","slug":"kartenspiel-enharmonika","status":"publish","type":"product","link":"https:\/\/kiosk.somni.de\/en\/product\/kartenspiel-enharmonika\/","title":{"rendered":"Enharmonika\u00ae"},"content":{"rendered":"<p class=\"p1\">Enharmonika ist ein Kartenspiel, das dazu dient, das Prinzip der Alteration zu verstehen. Es ist ein Lernspiel, das f\u00fcr Kinder ab sechs Jahre geeignet ist. Es kann sowohl zu zweit, wie auch in kleinen Gruppen bis zu vier Personen gespielt werden. Es ist wichtig, dass eine Lehrerin\/ein Lehrer oder eine andere musikalisch gebildete Person dabei ist. Es soll unmittelbar am Klavier gespielt werden. Am Ende des Spiels soll die Gewinnerin\/der Gewinner die versammelten T\u00f6ne am Klavier spielen. Selbstverst\u00e4ndlich kann es auch ein Keyboard, Xylophon oder ein anderes Musikinstrument sein. In jedem Fall ist die H\u00f6rerfahrung sehr wichtig.<\/p>\n<p class=\"p1\">Dieses Spiel gibt die M\u00f6glichkeit, die enharmonische Verwechselung und die Notennamen in unterschiedlichen Konstellationen (und Sprachen) zu trainieren.<\/p>","protected":false},"excerpt":{"rendered":"<p class=\"p1\">ENHARMONIKA<\/p>\n<p class=\"p1\">Ein Kartenspiel zum \u00dcben von den Alterationszeichen und zum Begreifen der enharmonischen Verwechslung. Ab 6 Jahre.<\/p>","protected":false},"featured_media":177,"template":"","meta":{"_acf_changed":false},"product_brand":[],"product_cat":[39],"product_tag":[],"class_list":{"0":"post-176","1":"product","2":"type-product","3":"status-publish","4":"has-post-thumbnail","6":"product_cat-musikalische-spiele","7":"product_shipping_class-grossbrief-bis-500g","8":"entry","10":"first","11":"instock","12":"taxable","13":"shipping-taxable","14":"purchasable","15":"product-type-simple"},"acf":[],"_links":{"self":[{"href":"https:\/\/kiosk.somni.de\/en\/wp-json\/wp\/v2\/product\/176","targetHints":{"allow":["GET"]}}],"collection":[{"href":"https:\/\/kiosk.somni.de\/en\/wp-json\/wp\/v2\/product"}],"about":[{"href":"https:\/\/kiosk.somni.de\/en\/wp-json\/wp\/v2\/types\/product"}],"wp:featuredmedia":[{"embeddable":true,"href":"https:\/\/kiosk.somni.de\/en\/wp-json\/wp\/v2\/media\/177"}],"wp:attachment":[{"href":"https:\/\/kiosk.somni.de\/en\/wp-json\/wp\/v2\/media?parent=176"}],"wp:term":[{"taxonomy":"product_brand","embeddable":true,"href":"https:\/\/kiosk.somni.de\/en\/wp-json\/wp\/v2\/product_brand?post=176"},{"taxonomy":"product_cat","embeddable":true,"href":"https:\/\/kiosk.somni.de\/en\/wp-json\/wp\/v2\/product_cat?post=176"},{"taxonomy":"product_tag","embeddable":true,"href":"https:\/\/kiosk.somni.de\/en\/wp-json\/wp\/v2\/product_tag?post=176"}],"curies":[{"name":"wp","href":"https:\/\/api.w.org\/{rel}","templated":true}]}}