{"id":216,"date":"2025-02-17T10:49:18","date_gmt":"2025-02-17T09:49:18","guid":{"rendered":"https:\/\/kiosk.somni.de\/?post_type=product&#038;p=216"},"modified":"2025-08-24T19:34:35","modified_gmt":"2025-08-24T17:34:35","slug":"pianoloko-metall","status":"publish","type":"product","link":"https:\/\/kiosk.somni.de\/en\/product\/pianoloko-metall\/","title":{"rendered":"Dampfklavier of PIANIMALS\u00ae"},"content":{"rendered":"<p class=\"p1\">Steam Piano oder Dampfklavier ist ein Mitglied der musikalischen Familie PIANIMALS\u00ae. Es steht f\u00fcr die Energie, das Vorw\u00e4rtsdr\u00e4ngen, Innehalten, die dynamischen Tempowechsel und den rhythmischen Antrieb des Musizieren, besonders am Piano.<\/p>\n<p class=\"p1\">Kleine Variationen in Oberfl\u00e4chentextur und Farbgestaltung sind gewollt und machen jedes Steam Piano zum Einzelst\u00fcck.<\/p>\n<p class=\"p1\">Die Edition des Steam Pianos wie alle PIANIMALS\u00ae ist auf 100 durch die K\u00fcnstlerin handsignierte Exemplare beschr\u00e4nkt.<\/p>","protected":false},"excerpt":{"rendered":"<p class=\"p1\">Steam Piano of PIANIMALS\u00ae<\/p>\n<p class=\"p1\">Steam Piano oder Dampfklavier ist ein musikalisches Wesen, entworfen, 3D-gedruckt und handbemalt von der Komponistin und Pianistin Katia Tchemberdji.<\/p>\n<p>Material: Stahl\u00a0 (Bronze, Messing, Silber; Kunstharz &#8211; bitte den Preis anfragen<\/p>\n<p>Ma\u00dfe (mm): ca. 27 x 51 x 8,4<\/p>","protected":false},"featured_media":156,"template":"","meta":{"_acf_changed":false},"product_brand":[],"product_cat":[37],"product_tag":[],"class_list":{"0":"post-216","1":"product","2":"type-product","3":"status-publish","4":"has-post-thumbnail","6":"product_cat-pianimals","7":"product_shipping_class-gruppe-3-paket-bis-2-kg","8":"entry","10":"first","11":"instock","12":"taxable","13":"shipping-taxable","14":"purchasable","15":"product-type-simple"},"acf":[],"_links":{"self":[{"href":"https:\/\/kiosk.somni.de\/en\/wp-json\/wp\/v2\/product\/216","targetHints":{"allow":["GET"]}}],"collection":[{"href":"https:\/\/kiosk.somni.de\/en\/wp-json\/wp\/v2\/product"}],"about":[{"href":"https:\/\/kiosk.somni.de\/en\/wp-json\/wp\/v2\/types\/product"}],"wp:featuredmedia":[{"embeddable":true,"href":"https:\/\/kiosk.somni.de\/en\/wp-json\/wp\/v2\/media\/156"}],"wp:attachment":[{"href":"https:\/\/kiosk.somni.de\/en\/wp-json\/wp\/v2\/media?parent=216"}],"wp:term":[{"taxonomy":"product_brand","embeddable":true,"href":"https:\/\/kiosk.somni.de\/en\/wp-json\/wp\/v2\/product_brand?post=216"},{"taxonomy":"product_cat","embeddable":true,"href":"https:\/\/kiosk.somni.de\/en\/wp-json\/wp\/v2\/product_cat?post=216"},{"taxonomy":"product_tag","embeddable":true,"href":"https:\/\/kiosk.somni.de\/en\/wp-json\/wp\/v2\/product_tag?post=216"}],"curies":[{"name":"wp","href":"https:\/\/api.w.org\/{rel}","templated":true}]}}