{"id":233,"date":"2025-02-17T11:12:42","date_gmt":"2025-02-17T10:12:42","guid":{"rendered":"https:\/\/kiosk.somni.de\/?post_type=product&#038;p=233"},"modified":"2025-08-24T19:33:42","modified_gmt":"2025-08-24T17:33:42","slug":"notenprofi","status":"publish","type":"product","link":"https:\/\/kiosk.somni.de\/en\/product\/notenprofi\/","title":{"rendered":"Notenprofi"},"content":{"rendered":"<p class=\"p1\">NOTENPROFI<\/p>\n<p class=\"p1\">Notenprofi ist ein Lernspiel im Bereich der Notenlehre. Das Spiel ist geeignet f\u00fcr Kinder ab 6-7 Jahre. Es kann in kleinen Gruppen bis zu f\u00fcnf Spieler verwendet werden und soll von einer Lehrerin\/einem Lehrer geleitet werden.<\/p>\n<p class=\"p1\">Zum Spiel geh\u00f6ren: 20 gro\u00dfe Spielkarten mit Noten darauf, 47 Spielfiguren mit Notennamen darauf und einige kleinen W\u00fcrfel als Platzhalter. Au\u00dferdem geh\u00f6ren dazu zwei Stoffs\u00e4ckchen, jeweils f\u00fcr die Spielfiguren und f\u00fcr die kleinen W\u00fcrfel. Die Spielfiguren unterteilen sich in drei Gruppen: die mit der helleren Farbe, die mit der dunkleren Farbe und die im Wei\u00df. Die helleren Figuren sind f\u00fcr die h\u00f6heren Noten, die dunkleren Figuren sind f\u00fcr die tieferen Noten und die wei\u00dfen Figuren tragen keine Notennamen, sondern Pausenzeichen. Die konkreten Farben k\u00f6nnen leicht variieren.<\/p>\n<p class=\"p1\">Das Spiel umfasst zwei Oktaven (in jedem Notenschl\u00fcssel).<\/p>\n<p class=\"p1\">Die Noten auf den Spielkarten sind entweder im Violinschl\u00fcssel oder im Bassschl\u00fcssel notiert. Die Noten jeweils in drei gr\u00fcnen Rechtecken. Die alterierten T\u00f6ne sind rot, alle anderen schwarz.<\/p>","protected":false},"excerpt":{"rendered":"<p class=\"p1\">NOTENPROFI<\/p>\n<p class=\"p1\">Ein Bingo-\u00e4hnliches Sammelspiel zur Unterst\u00fctzung im Bereich der Notenlehre.<\/p>\n<p class=\"p1\">Ab 6 Jahre.<\/p>","protected":false},"featured_media":234,"template":"","meta":{"_acf_changed":false},"product_brand":[],"product_cat":[39],"product_tag":[],"class_list":{"0":"post-233","1":"product","2":"type-product","3":"status-publish","4":"has-post-thumbnail","6":"product_cat-musikalische-spiele","7":"product_shipping_class-gruppe-3-paket-bis-2-kg","8":"entry","10":"first","11":"instock","12":"taxable","13":"shipping-taxable","14":"purchasable","15":"product-type-simple"},"acf":[],"_links":{"self":[{"href":"https:\/\/kiosk.somni.de\/en\/wp-json\/wp\/v2\/product\/233","targetHints":{"allow":["GET"]}}],"collection":[{"href":"https:\/\/kiosk.somni.de\/en\/wp-json\/wp\/v2\/product"}],"about":[{"href":"https:\/\/kiosk.somni.de\/en\/wp-json\/wp\/v2\/types\/product"}],"wp:featuredmedia":[{"embeddable":true,"href":"https:\/\/kiosk.somni.de\/en\/wp-json\/wp\/v2\/media\/234"}],"wp:attachment":[{"href":"https:\/\/kiosk.somni.de\/en\/wp-json\/wp\/v2\/media?parent=233"}],"wp:term":[{"taxonomy":"product_brand","embeddable":true,"href":"https:\/\/kiosk.somni.de\/en\/wp-json\/wp\/v2\/product_brand?post=233"},{"taxonomy":"product_cat","embeddable":true,"href":"https:\/\/kiosk.somni.de\/en\/wp-json\/wp\/v2\/product_cat?post=233"},{"taxonomy":"product_tag","embeddable":true,"href":"https:\/\/kiosk.somni.de\/en\/wp-json\/wp\/v2\/product_tag?post=233"}],"curies":[{"name":"wp","href":"https:\/\/api.w.org\/{rel}","templated":true}]}}