{"id":25,"date":"2024-11-07T10:56:25","date_gmt":"2024-11-07T09:56:25","guid":{"rendered":"https:\/\/kiosk.somni.de\/?post_type=product&#038;p=25"},"modified":"2025-08-24T19:39:36","modified_gmt":"2025-08-24T17:39:36","slug":"halskette-eule","status":"publish","type":"product","link":"https:\/\/kiosk.somni.de\/en\/product\/halskette-eule\/","title":{"rendered":"Anh\u00e4nger Eule"},"content":{"rendered":"<p>Anh\u00e4nger Eule hat Vor- und R\u00fcckseite mit unterschiedlichem &#8222;Gesichtsausdruck&#8220;.<br \/>\nMaterial: Metall (Messing, Bronze)<br \/>\nDie Kette wird nicht mitgeliefert.<br \/>\nWegen anderer Metalle (Silber, Gold) den Preis bitte anfragen.<br \/>\nMa\u00dfe: ca. 17x14x24 mm<\/p>","protected":false},"excerpt":{"rendered":"<p>Anh\u00e4nger Eule<br \/>\nMaterial: Metall<br \/>\nMa\u00dfe: ca. 17x14x24 mm<\/p>","protected":false},"featured_media":73,"template":"","meta":{"_acf_changed":false},"product_brand":[],"product_cat":[33],"product_tag":[],"class_list":{"0":"post-25","1":"product","2":"type-product","3":"status-publish","4":"has-post-thumbnail","6":"product_cat-schmuck","7":"product_shipping_class-gruppe-3-paket-bis-2-kg","8":"entry","10":"first","11":"instock","12":"taxable","13":"shipping-taxable","14":"purchasable","15":"product-type-simple"},"acf":[],"_links":{"self":[{"href":"https:\/\/kiosk.somni.de\/en\/wp-json\/wp\/v2\/product\/25","targetHints":{"allow":["GET"]}}],"collection":[{"href":"https:\/\/kiosk.somni.de\/en\/wp-json\/wp\/v2\/product"}],"about":[{"href":"https:\/\/kiosk.somni.de\/en\/wp-json\/wp\/v2\/types\/product"}],"wp:featuredmedia":[{"embeddable":true,"href":"https:\/\/kiosk.somni.de\/en\/wp-json\/wp\/v2\/media\/73"}],"wp:attachment":[{"href":"https:\/\/kiosk.somni.de\/en\/wp-json\/wp\/v2\/media?parent=25"}],"wp:term":[{"taxonomy":"product_brand","embeddable":true,"href":"https:\/\/kiosk.somni.de\/en\/wp-json\/wp\/v2\/product_brand?post=25"},{"taxonomy":"product_cat","embeddable":true,"href":"https:\/\/kiosk.somni.de\/en\/wp-json\/wp\/v2\/product_cat?post=25"},{"taxonomy":"product_tag","embeddable":true,"href":"https:\/\/kiosk.somni.de\/en\/wp-json\/wp\/v2\/product_tag?post=25"}],"curies":[{"name":"wp","href":"https:\/\/api.w.org\/{rel}","templated":true}]}}