{"id":256,"date":"2025-02-17T11:19:34","date_gmt":"2025-02-17T10:19:34","guid":{"rendered":"https:\/\/kiosk.somni.de\/?post_type=product&#038;p=256"},"modified":"2025-08-24T19:32:11","modified_gmt":"2025-08-24T17:32:11","slug":"spieluhren","status":"publish","type":"product","link":"https:\/\/kiosk.somni.de\/en\/product\/spieluhren\/","title":{"rendered":"Spieluhren"},"content":{"rendered":"<audio class=\"wp-audio-shortcode\" id=\"audio-256-1\" preload=\"none\" style=\"width: 100%;\" controls=\"controls\"><source type=\"audio\/mpeg\" src=\"http:\/\/kiosk.somni.de\/wp-content\/uploads\/sites\/3\/2025\/02\/Spieluhr-Chernov.mp3?_=1\" \/><a href=\"http:\/\/kiosk.somni.de\/wp-content\/uploads\/sites\/3\/2025\/02\/Spieluhr-Chernov.mp3\">http:\/\/kiosk.somni.de\/wp-content\/uploads\/sites\/3\/2025\/02\/Spieluhr-Chernov.mp3<\/a><\/audio>\n<audio class=\"wp-audio-shortcode\" id=\"audio-256-2\" preload=\"none\" style=\"width: 100%;\" controls=\"controls\"><source type=\"audio\/mpeg\" src=\"http:\/\/kiosk.somni.de\/wp-content\/uploads\/sites\/3\/2025\/02\/Juedisches-Glueck-Ton-1.mp3?_=2\" \/><a href=\"http:\/\/kiosk.somni.de\/wp-content\/uploads\/sites\/3\/2025\/02\/Juedisches-Glueck-Ton-1.mp3\">http:\/\/kiosk.somni.de\/wp-content\/uploads\/sites\/3\/2025\/02\/Juedisches-Glueck-Ton-1.mp3<\/a><\/audio>\n<audio class=\"wp-audio-shortcode\" id=\"audio-256-3\" preload=\"none\" style=\"width: 100%;\" controls=\"controls\"><source type=\"audio\/mpeg\" src=\"http:\/\/kiosk.somni.de\/wp-content\/uploads\/sites\/3\/2025\/02\/Klaviertrio-Celesta-1.mp3?_=3\" \/><a href=\"http:\/\/kiosk.somni.de\/wp-content\/uploads\/sites\/3\/2025\/02\/Klaviertrio-Celesta-1.mp3\">http:\/\/kiosk.somni.de\/wp-content\/uploads\/sites\/3\/2025\/02\/Klaviertrio-Celesta-1.mp3<\/a><\/audio>\n<audio class=\"wp-audio-shortcode\" id=\"audio-256-4\" preload=\"none\" style=\"width: 100%;\" controls=\"controls\"><source type=\"audio\/mpeg\" src=\"http:\/\/kiosk.somni.de\/wp-content\/uploads\/sites\/3\/2025\/02\/Russisch-Spieluhr-Celesta-1.mp3?_=4\" \/><a href=\"http:\/\/kiosk.somni.de\/wp-content\/uploads\/sites\/3\/2025\/02\/Russisch-Spieluhr-Celesta-1.mp3\">http:\/\/kiosk.somni.de\/wp-content\/uploads\/sites\/3\/2025\/02\/Russisch-Spieluhr-Celesta-1.mp3<\/a><\/audio>\n<p class=\"p1\">Die Spieluhr spielt wiederholt und maximal \u00fcber 2 Min. und 7 Sek. eine von<br \/>\nKatia Tchemberdji komponierte Melodie. Es gibt 4 Melodien zur Auswahl.<br \/>\nDie Feder der Uhr wird \u00fcber einen Kordelzug von Hand gespannt, an deren Ende eine Holzperle befestigt ist.<br \/>\nDie Holzverkleidung ist handbemalt, jedes Exemplar ist ein Unikat und von der Komponistin handsigniert.<br \/>\nDie Spieluhr darf nicht in die H\u00e4nde von Kindern unter drei Jahren gelangen.<br \/>\nSomniKiosk gew\u00e4hrt eine <b>12-monatige Garantie<\/b> der Funktionsf\u00e4higkeit des Spieluhrwerks bei sachgem\u00e4\u00dfem Gebrauch, solange die dauerhaft verschlossene Spieldose nicht ge\u00f6ffnet wird.<br \/>\nDefekte Ger\u00e4te werden ausgetauscht. Die R\u00fccksendungskosten werden erstattet, sofern ein berechtigter Garantiefall vorliegt.<br \/>\nDa es sich um einen Pr\u00e4zisionsmechanismus handelt, darf die Spieldose nicht umher geworfen werden oder zu Boden fallen. Sie darf auch nicht als Badespielzeug benutzt werden oder auf andere Weise mit Spritzwasser in Kontakt kommen oder in Wasser getaucht werden. Temperaturen \u00fcber 70 *C zerst\u00f6ren Geh\u00e4use und Tierfiguren.<\/p>\n<p class=\"p1\">Design und die Melodien der sind urheberrechtlich gesch\u00fctzt.<\/p>","protected":false},"excerpt":{"rendered":"<p class=\"p1\">Die Spieluhr spielt wiederholt und maximal \u00fcber 2 Min. und 7 Sek. eine von<br \/>\nKatia Tchemberdji komponierte Melodie. Es gibt 4 Melodien zur Auswahl. Holzbox, handbemalt, lackiert und signiert.<\/p>","protected":false},"featured_media":257,"template":"","meta":{"_acf_changed":false},"product_brand":[],"product_cat":[36],"product_tag":[],"class_list":{"0":"post-256","1":"product","2":"type-product","3":"status-publish","4":"has-post-thumbnail","6":"product_cat-uhren","7":"product_shipping_class-gruppe-3-paket-bis-2-kg","8":"entry","10":"first","11":"instock","12":"taxable","13":"shipping-taxable","14":"purchasable","15":"product-type-simple"},"acf":[],"_links":{"self":[{"href":"https:\/\/kiosk.somni.de\/en\/wp-json\/wp\/v2\/product\/256","targetHints":{"allow":["GET"]}}],"collection":[{"href":"https:\/\/kiosk.somni.de\/en\/wp-json\/wp\/v2\/product"}],"about":[{"href":"https:\/\/kiosk.somni.de\/en\/wp-json\/wp\/v2\/types\/product"}],"wp:featuredmedia":[{"embeddable":true,"href":"https:\/\/kiosk.somni.de\/en\/wp-json\/wp\/v2\/media\/257"}],"wp:attachment":[{"href":"https:\/\/kiosk.somni.de\/en\/wp-json\/wp\/v2\/media?parent=256"}],"wp:term":[{"taxonomy":"product_brand","embeddable":true,"href":"https:\/\/kiosk.somni.de\/en\/wp-json\/wp\/v2\/product_brand?post=256"},{"taxonomy":"product_cat","embeddable":true,"href":"https:\/\/kiosk.somni.de\/en\/wp-json\/wp\/v2\/product_cat?post=256"},{"taxonomy":"product_tag","embeddable":true,"href":"https:\/\/kiosk.somni.de\/en\/wp-json\/wp\/v2\/product_tag?post=256"}],"curies":[{"name":"wp","href":"https:\/\/api.w.org\/{rel}","templated":true}]}}