{"id":265,"date":"2025-02-17T11:20:21","date_gmt":"2025-02-17T10:20:21","guid":{"rendered":"https:\/\/kiosk.somni.de\/?post_type=product&#038;p=265"},"modified":"2025-08-24T19:31:39","modified_gmt":"2025-08-24T17:31:39","slug":"wanduhr","status":"publish","type":"product","link":"https:\/\/kiosk.somni.de\/en\/product\/wanduhr\/","title":{"rendered":"Quinto&#8217;clock\u00ae"},"content":{"rendered":"<p>QUINTO&#8217;CLOCK\u00ae &#8211; Wanduhr mit musikalischem Quintenzirkel<\/p>\n<p>QUINTO&#8217;CLOCK\u00ae ist eine Wanduhr, entworfen 2020 von der Komponistin und Pianistin\u00a0 Katia Tchemberdji.<\/p>\n<p>Das\u00a0 Zifferblatt bildet anstelle der Zahlen die Tonarten des Quintenzirkels ab. Ein Quintenzirkel ist eine systematische Anordnung aller Dur- und Moll-Tonarten in Form eines Kreises.<\/p>\n<p>Wer immer auf die QUINTO&#8217;CLOCK\u00ae schaut, kann die Zeit in Tonarten ablesen! Beispiel: &#8222;Wir treffen uns nachmittags kurz nach A-Dur!&#8220; &#8211; also kurz nach 15 Uhr! Oder: &#8222;Wir waren doch nachmittags um A-Dur verabredet &#8211; und jetzt ist es schon E-Dur (oder fis-Moll je nach Gem\u00fctslage)!&#8220; &#8211; d.h. wir waren doch um 15 Uhr verabredet und jetzt ist es schon 16 Uhr!<\/p>\n<p>Batteriebetriebene lautlose Wanduhr, Durchmesser 24 cm, Qualit\u00e4ts-Quarzuhrwerk von DUGENA, Grundplatte PLEXIGLAS, H\u00e4nge\u00f6se.<\/p>","protected":false},"excerpt":{"rendered":"<p>QUINTO&#8217;CLOCK\u00ae &#8211; Wanduhr mit musikalischem Quintenzirkel<\/p>","protected":false},"featured_media":263,"template":"","meta":{"_acf_changed":false},"product_brand":[],"product_cat":[36],"product_tag":[],"class_list":{"0":"post-265","1":"product","2":"type-product","3":"status-publish","4":"has-post-thumbnail","6":"product_cat-uhren","7":"product_shipping_class-gruppe-4-paket-bis-5-kg","8":"entry","10":"first","11":"instock","12":"taxable","13":"shipping-taxable","14":"purchasable","15":"product-type-simple"},"acf":[],"_links":{"self":[{"href":"https:\/\/kiosk.somni.de\/en\/wp-json\/wp\/v2\/product\/265","targetHints":{"allow":["GET"]}}],"collection":[{"href":"https:\/\/kiosk.somni.de\/en\/wp-json\/wp\/v2\/product"}],"about":[{"href":"https:\/\/kiosk.somni.de\/en\/wp-json\/wp\/v2\/types\/product"}],"wp:featuredmedia":[{"embeddable":true,"href":"https:\/\/kiosk.somni.de\/en\/wp-json\/wp\/v2\/media\/263"}],"wp:attachment":[{"href":"https:\/\/kiosk.somni.de\/en\/wp-json\/wp\/v2\/media?parent=265"}],"wp:term":[{"taxonomy":"product_brand","embeddable":true,"href":"https:\/\/kiosk.somni.de\/en\/wp-json\/wp\/v2\/product_brand?post=265"},{"taxonomy":"product_cat","embeddable":true,"href":"https:\/\/kiosk.somni.de\/en\/wp-json\/wp\/v2\/product_cat?post=265"},{"taxonomy":"product_tag","embeddable":true,"href":"https:\/\/kiosk.somni.de\/en\/wp-json\/wp\/v2\/product_tag?post=265"}],"curies":[{"name":"wp","href":"https:\/\/api.w.org\/{rel}","templated":true}]}}