{"id":47,"date":"2025-01-03T20:06:23","date_gmt":"2025-01-03T19:06:23","guid":{"rendered":"https:\/\/kiosk.somni.de\/?post_type=product&#038;p=47"},"modified":"2025-08-24T19:39:03","modified_gmt":"2025-08-24T17:39:03","slug":"spielfigur-elefant","status":"publish","type":"product","link":"https:\/\/kiosk.somni.de\/en\/product\/spielfigur-elefant\/","title":{"rendered":"Spielfigur Orangenr\u00fcssel"},"content":{"rendered":"<p>Orangenr\u00fcssel ist ein Mitglied der Spielfigurenfamilie Claruschki\u00ae.<br \/>\nClaruschki\u00ae sind bunte, handbemalte und lackierte Figuren aus Kunststoff. Sie k\u00f6nnen sowohl als Spielfiguren, wie auch Haushaltsmagnete dienen (wenn erw\u00fcnscht, gegen Aufpreis), k\u00f6nnen einzeln oder als eine witzige Figurenbande erworben werden. Jede Figur ist ein Unikat und hat einen eigenen Fantasie-Namen. Die Figuren sind f\u00fcr Kinder ab 3 Jahren geeignet.<\/p>","protected":false},"excerpt":{"rendered":"<p>Orangenr\u00fcssel ist ein Mitglied der Spielfigurenfamilie Claruschki\u00ae.<br \/>\nClaruschki\u00ae sind bunte, handbemalte und lackierte Figuren aus Kunststoff.<\/p>","protected":false},"featured_media":48,"template":"","meta":{"_acf_changed":false},"product_brand":[],"product_cat":[34],"product_tag":[],"class_list":{"0":"post-47","1":"product","2":"type-product","3":"status-publish","4":"has-post-thumbnail","6":"product_cat-bunte-figuren","7":"product_shipping_class-gruppe-3-paket-bis-2-kg","8":"entry","10":"first","11":"instock","12":"taxable","13":"shipping-taxable","14":"purchasable","15":"product-type-simple"},"acf":[],"_links":{"self":[{"href":"https:\/\/kiosk.somni.de\/en\/wp-json\/wp\/v2\/product\/47","targetHints":{"allow":["GET"]}}],"collection":[{"href":"https:\/\/kiosk.somni.de\/en\/wp-json\/wp\/v2\/product"}],"about":[{"href":"https:\/\/kiosk.somni.de\/en\/wp-json\/wp\/v2\/types\/product"}],"wp:featuredmedia":[{"embeddable":true,"href":"https:\/\/kiosk.somni.de\/en\/wp-json\/wp\/v2\/media\/48"}],"wp:attachment":[{"href":"https:\/\/kiosk.somni.de\/en\/wp-json\/wp\/v2\/media?parent=47"}],"wp:term":[{"taxonomy":"product_brand","embeddable":true,"href":"https:\/\/kiosk.somni.de\/en\/wp-json\/wp\/v2\/product_brand?post=47"},{"taxonomy":"product_cat","embeddable":true,"href":"https:\/\/kiosk.somni.de\/en\/wp-json\/wp\/v2\/product_cat?post=47"},{"taxonomy":"product_tag","embeddable":true,"href":"https:\/\/kiosk.somni.de\/en\/wp-json\/wp\/v2\/product_tag?post=47"}],"curies":[{"name":"wp","href":"https:\/\/api.w.org\/{rel}","templated":true}]}}