{"id":52,"date":"2025-01-03T20:11:57","date_gmt":"2025-01-03T19:11:57","guid":{"rendered":"https:\/\/kiosk.somni.de\/?post_type=product&#038;p=52"},"modified":"2025-08-24T19:38:52","modified_gmt":"2025-08-24T17:38:52","slug":"notenschluessel","status":"publish","type":"product","link":"https:\/\/kiosk.somni.de\/en\/product\/notenschluessel\/","title":{"rendered":"Verschl\u00fcsselt Anh\u00e4nger"},"content":{"rendered":"<p>Der Anh\u00e4nger &#8222;Verschl\u00fcsselt&#8220; bildet eine Verbindung zwischen Violin- und Bassschl\u00fcssel.<br \/>\nMaterial: Edelstahl.<br \/>\nMa\u00dfe: 22x25x35 mm<\/p>","protected":false},"excerpt":{"rendered":"<p>Anh\u00e4nger &#8222;Verschl\u00fcsselt&#8220;<br \/>\nMaterial: Edelstahl.<br \/>\nMa\u00dfe: 22x25x35 mm<\/p>","protected":false},"featured_media":53,"template":"","meta":{"_acf_changed":false},"product_brand":[],"product_cat":[33],"product_tag":[],"class_list":{"0":"post-52","1":"product","2":"type-product","3":"status-publish","4":"has-post-thumbnail","6":"product_cat-schmuck","7":"product_shipping_class-gruppe-3-paket-bis-2-kg","8":"entry","10":"first","11":"instock","12":"taxable","13":"shipping-taxable","14":"purchasable","15":"product-type-simple"},"acf":[],"_links":{"self":[{"href":"https:\/\/kiosk.somni.de\/en\/wp-json\/wp\/v2\/product\/52","targetHints":{"allow":["GET"]}}],"collection":[{"href":"https:\/\/kiosk.somni.de\/en\/wp-json\/wp\/v2\/product"}],"about":[{"href":"https:\/\/kiosk.somni.de\/en\/wp-json\/wp\/v2\/types\/product"}],"wp:featuredmedia":[{"embeddable":true,"href":"https:\/\/kiosk.somni.de\/en\/wp-json\/wp\/v2\/media\/53"}],"wp:attachment":[{"href":"https:\/\/kiosk.somni.de\/en\/wp-json\/wp\/v2\/media?parent=52"}],"wp:term":[{"taxonomy":"product_brand","embeddable":true,"href":"https:\/\/kiosk.somni.de\/en\/wp-json\/wp\/v2\/product_brand?post=52"},{"taxonomy":"product_cat","embeddable":true,"href":"https:\/\/kiosk.somni.de\/en\/wp-json\/wp\/v2\/product_cat?post=52"},{"taxonomy":"product_tag","embeddable":true,"href":"https:\/\/kiosk.somni.de\/en\/wp-json\/wp\/v2\/product_tag?post=52"}],"curies":[{"name":"wp","href":"https:\/\/api.w.org\/{rel}","templated":true}]}}